{"id":775,"date":"2015-04-17T12:57:18","date_gmt":"2015-04-17T10:57:18","guid":{"rendered":"http:\/\/www.espafibrac.com\/?page_id=775"},"modified":"2016-02-07T09:17:53","modified_gmt":"2016-02-07T08:17:53","slug":"empresa","status":"publish","type":"page","link":"http:\/\/www.espafibrac.com\/en\/about-us\/","title":{"rendered":"About us"},"content":{"rendered":"<div class=\"nz-section horizontal animate-false full-width-true \" style=\"background-color: #f9f9f9; background-repeat: repeat; background-position: left top; background-attachment: scroll; padding-top: 70px; padding-bottom: 70px;\" data-img-width=\"116\" data-img-height=\"102\" data-animation-speed=\"35000\" data-parallax=\"false\">\n<div class=\"container\">\n<div class=\"nz-row\">\n<div class=\"col col12  col-animate-false\" data-align=\"center\" data-effect=\"fade\" data-margin=\"false\">\n<div class=\"col-inner\">\n<div class=\"nz-column-text nz-clearfix\" style=\"padding: 0px 200px 0px 200px;\">\n<h2 style=\"color: #00618b; font-size: 36px; line-height: 46px; text-align: center;\">About us<\/h2>\n<p style=\"text-align: justify;\"><span style=\"color: #777777; font-size: 18px; line-height: 28px;\">ESPAFIBRAC\u2019s aim is to provide a range of excellent substrates to both large and small companies.  The founders of ESPAFIBRAC selected cocopeat   as the material of choice because of its superb qualities as a growing medium and also, importantly, because of its renewability, abundance and its environmental credentials. <\/span><\/p>\n<p style=\"text-align: justify;\"><span style=\"color: #777777; font-size: 18px; line-height: 28px;\">All our substrates are available and distributed throughout the international market. We are proud to count more than 400 clients within Europe, North, Central and South America, Australia, The Far and Middle East, Asia and Africa.<\/span><\/p>\n<\/div>\n<div class=\"gap nz-clearfix\" style=\"height: 25px;\"><\/div>\n<p><a class=\"button button-ghost green large square animate-false anim-type-ghost hover-scene\" href=\"http:\/\/www.espafibrac.com\/cocopeat-preparation\/?lang=en\" target=\"_self\"><span class=\"txt\">How we work<\/span><\/a><\/p>\n<\/div>\n<\/div>\n<\/div>\n<\/div>\n<\/div>\n<h2 style=\"color: #00618b; font-size: 36px; line-height: 46px; text-align: center;\">The Team<\/h2>\n<div class=\"nz-section horizontal animate-false full-width-true \" data-animation-speed=\"2\" data-parallax=\"true\">\n<div class=\"parallax-container\"><\/div>\n<div class=\"container\">\n<div class=\"nz-row\">\n<div class=\"col col12  col-animate-false\" data-align=\"left\" data-effect=\"fade-left\">\n<div class=\"col-inner\">\n<div id=\"nz-testimonials-1\" class=\"none nz-testimonials lazy\" data-columns=\"3\" data-autoplay=\"true\" data-animation-speed=\"2\">\n<div class=\"testimonial\">\n<div class=\"testimonial-wrap\">\n<div class=\"testimonial-inner\">\n<div class=\"text\">Biological Degree in Havana University. Specialist in Pest Control, and more than 25 years in the agricultural research sector.<\/div>\n<p><span class=\"name\">Maribel Gal\u00e1n Torres<\/span><span class=\"title\">Partner and Technical Director of ESPAFIBRAC<\/span><\/p>\n<\/div>\n<div class=\"arrow\"><\/div>\n<p><img decoding=\"async\" src=\"http:\/\/www.espafibrac.com\/wp-content\/uploads\/Maribel.jpg\" alt=\"Maribel Gal\u00e1n Torres\" \/><\/p>\n<\/div>\n<\/div>\n<div class=\"testimonial\">\n<div class=\"testimonial-wrap\">\n<div class=\"testimonial-inner\">\n<div class=\"text\">Agricultural Engineer- Ph. D. in Agricultural Science. Specialist in soil and substrate management. More than 25 years in research and development in the agricultural sector.<\/div>\n<p><span class=\"name\">Ra\u00fal Cabrera Gra\u00f1a<\/span><span class=\"title\">Partner, Technical and General Manager of ESPAFIBRAC<\/span><\/p>\n<\/div>\n<div class=\"arrow\"><\/div>\n<p><img decoding=\"async\" src=\"http:\/\/www.espafibrac.com\/wp-content\/uploads\/Raul-Cabrera1.jpg\" alt=\"Ra\u00fal Cabrera Gra\u00f1a\" \/><\/p>\n<\/div>\n<\/div>\n<div class=\"testimonial\">\n<div class=\"testimonial-wrap\">\n<div class=\"testimonial-inner\">\n<div class=\"text\">Market and Commerce Degree in the University of VHNSN in Tamil Nadu, India. Specialist in Production Processes. More than 15 years in K. Sivaram Bros and GreeNeem iIn India.<\/div>\n<p><span class=\"name\">Prabakaran Sivaraman<\/span><span class=\"title\">Partner and Director of GreeNeem Agri. Pvt. Ltd<\/span><\/p>\n<\/div>\n<div class=\"arrow\"><\/div>\n<p><img decoding=\"async\" src=\"http:\/\/www.espafibrac.com\/wp-content\/uploads\/Prabakar2.jpg\" alt=\"Prabakaran Sivaraman\" \/><\/p>\n<\/div>\n<\/div>\n<div class=\"testimonial\">\n<div class=\"testimonial-wrap\">\n<div class=\"testimonial-inner\">\n<div class=\"text\">Business Administration Degree in the University of VHNSN in Tamil Nadu, India. Specialist in marketing and product. More than 15 years in K. Sivaram Bros and GreeNeem In India.<\/div>\n<p><span class=\"name\">Sundar Sivaraman<\/span><span class=\"title\">Partner and Director of GreeNeem Agri. Pvt. Ltd.<\/span><\/p>\n<\/div>\n<div class=\"arrow\"><\/div>\n<p><img decoding=\"async\" src=\"http:\/\/www.espafibrac.com\/wp-content\/uploads\/Sundar2.jpg\" alt=\"Sundar Sivaraman\" \/><\/p>\n<\/div>\n<\/div>\n<div class=\"testimonial\">\n<div class=\"testimonial-wrap\">\n<div class=\"testimonial-inner\">\n<div class=\"text\">Mathematics Degree in the University of MS in Tamil Nadu, India. Specialist in Cocopeat production. More than 15 years in the Coir industry in India.<\/div>\n<p><span class=\"name\">Frankling Vinoth<\/span><span class=\"title\">Partner and Director of Harvel Cocopeat<\/span><\/p>\n<\/div>\n<div class=\"arrow\"><\/div>\n<p><img decoding=\"async\" src=\"http:\/\/www.espafibrac.com\/wp-content\/uploads\/Frankiling-Vinoth.jpg\" alt=\"Frankling Vinoth\" \/><\/p>\n<\/div>\n<\/div>\n<div class=\"testimonial\">\n<div class=\"testimonial-wrap\">\n<div class=\"testimonial-inner\">\n<div class=\"text\">Special diploma, University of Oxford (UK). 20 years involvement in Cocopeat Industry<\/div>\n<p><span class=\"name\">Tom de Vesci<\/span><span class=\"title\">Founder and Managing Director of Horticultural Coir Ltd UK<\/span><\/p>\n<\/div>\n<div class=\"arrow\"><\/div>\n<p><img decoding=\"async\" src=\"http:\/\/www.espafibrac.com\/wp-content\/uploads\/tom_de_vesci.jpg\" alt=\"Tom de Vesci\" \/><\/p>\n<\/div>\n<\/div>\n<\/div>\n<\/div>\n<\/div>\n<\/div>\n<\/div>\n<\/div>\n","protected":false},"excerpt":{"rendered":"<p>About us ESPAFIBRAC\u2019s aim is to provide a range of excellent substrates to both large and small companies. The founders of ESPAFIBRAC selected cocopeat as the material of choice because of its superb qualities as a growing medium and also, importantly, because of its renewability, abundance and its environmental credentials. All our substrates are available [&hellip;]<\/p>\n","protected":false},"author":3,"featured_media":0,"parent":0,"menu_order":0,"comment_status":"closed","ping_status":"closed","template":"","meta":{"footnotes":""},"class_list":["post-775","page","type-page","status-publish","hentry"],"yoast_head":"<!-- This site is optimized with the Yoast SEO plugin v25.5 - https:\/\/yoast.com\/wordpress\/plugins\/seo\/ -->\n<title>Sustrato natural org\u00e1nico fabricado por Espafibrac<\/title>\n<meta name=\"description\" content=\"Elaboramos sustratos buscando una alternativa ecol\u00f3gica y sostenible para el mercado del sector agr\u00edcola y ornamental. \u00a1Con\u00f3cenos!\" \/>\n<meta name=\"robots\" content=\"index, follow, max-snippet:-1, max-image-preview:large, max-video-preview:-1\" \/>\n<link rel=\"canonical\" href=\"http:\/\/www.espafibrac.com\/sobre-nosotros\/\" \/>\n<meta property=\"og:locale\" content=\"en_US\" \/>\n<meta property=\"og:type\" content=\"article\" \/>\n<meta property=\"og:title\" content=\"Sustrato natural org\u00e1nico fabricado por Espafibrac\" \/>\n<meta property=\"og:description\" content=\"Elaboramos sustratos buscando una alternativa ecol\u00f3gica y sostenible para el mercado del sector agr\u00edcola y ornamental. \u00a1Con\u00f3cenos!\" \/>\n<meta property=\"og:url\" content=\"http:\/\/www.espafibrac.com\/sobre-nosotros\/\" \/>\n<meta property=\"og:site_name\" content=\"Espafibrac\" \/>\n<meta property=\"article:publisher\" content=\"https:\/\/www.facebook.com\/Espafibrac-120562091347934\/\" \/>\n<meta property=\"article:modified_time\" content=\"2016-02-07T08:17:53+00:00\" \/>\n<meta property=\"og:image\" content=\"http:\/\/www.espafibrac.com\/wp-content\/uploads\/Maribel.jpg\" \/>\n<meta name=\"twitter:card\" content=\"summary_large_image\" \/>\n<meta name=\"twitter:site\" content=\"@espafibrac\" \/>\n<meta name=\"twitter:label1\" content=\"Est. reading time\" \/>\n\t<meta name=\"twitter:data1\" content=\"3 minutes\" \/>\n<script type=\"application\/ld+json\" class=\"yoast-schema-graph\">{\"@context\":\"https:\/\/schema.org\",\"@graph\":[{\"@type\":\"WebPage\",\"@id\":\"http:\/\/www.espafibrac.com\/sobre-nosotros\/\",\"url\":\"http:\/\/www.espafibrac.com\/sobre-nosotros\/\",\"name\":\"Sustrato natural org\u00e1nico fabricado por Espafibrac\",\"isPartOf\":{\"@id\":\"http:\/\/www.espafibrac.com\/en\/#website\"},\"primaryImageOfPage\":{\"@id\":\"http:\/\/www.espafibrac.com\/sobre-nosotros\/#primaryimage\"},\"image\":{\"@id\":\"http:\/\/www.espafibrac.com\/sobre-nosotros\/#primaryimage\"},\"thumbnailUrl\":\"http:\/\/www.espafibrac.com\/wp-content\/uploads\/Maribel.jpg\",\"datePublished\":\"2015-04-17T10:57:18+00:00\",\"dateModified\":\"2016-02-07T08:17:53+00:00\",\"description\":\"Elaboramos sustratos buscando una alternativa ecol\u00f3gica y sostenible para el mercado del sector agr\u00edcola y ornamental. \u00a1Con\u00f3cenos!\",\"breadcrumb\":{\"@id\":\"http:\/\/www.espafibrac.com\/sobre-nosotros\/#breadcrumb\"},\"inLanguage\":\"en-US\",\"potentialAction\":[{\"@type\":\"ReadAction\",\"target\":[\"http:\/\/www.espafibrac.com\/sobre-nosotros\/\"]}]},{\"@type\":\"ImageObject\",\"inLanguage\":\"en-US\",\"@id\":\"http:\/\/www.espafibrac.com\/sobre-nosotros\/#primaryimage\",\"url\":\"http:\/\/www.espafibrac.com\/wp-content\/uploads\/Maribel.jpg\",\"contentUrl\":\"http:\/\/www.espafibrac.com\/wp-content\/uploads\/Maribel.jpg\"},{\"@type\":\"BreadcrumbList\",\"@id\":\"http:\/\/www.espafibrac.com\/sobre-nosotros\/#breadcrumb\",\"itemListElement\":[{\"@type\":\"ListItem\",\"position\":1,\"name\":\"Inicio\",\"item\":\"http:\/\/www.espafibrac.com\/en\/\"},{\"@type\":\"ListItem\",\"position\":2,\"name\":\"Sobre nosotros\"}]},{\"@type\":\"WebSite\",\"@id\":\"http:\/\/www.espafibrac.com\/en\/#website\",\"url\":\"http:\/\/www.espafibrac.com\/en\/\",\"name\":\"Espafibrac\",\"description\":\"Sustratos de fibra de coco\",\"potentialAction\":[{\"@type\":\"SearchAction\",\"target\":{\"@type\":\"EntryPoint\",\"urlTemplate\":\"http:\/\/www.espafibrac.com\/en\/?s={search_term_string}\"},\"query-input\":{\"@type\":\"PropertyValueSpecification\",\"valueRequired\":true,\"valueName\":\"search_term_string\"}}],\"inLanguage\":\"en-US\"}]}<\/script>\n<!-- \/ Yoast SEO plugin. -->","yoast_head_json":{"title":"Sustrato natural org\u00e1nico fabricado por Espafibrac","description":"Elaboramos sustratos buscando una alternativa ecol\u00f3gica y sostenible para el mercado del sector agr\u00edcola y ornamental. \u00a1Con\u00f3cenos!","robots":{"index":"index","follow":"follow","max-snippet":"max-snippet:-1","max-image-preview":"max-image-preview:large","max-video-preview":"max-video-preview:-1"},"canonical":"http:\/\/www.espafibrac.com\/sobre-nosotros\/","og_locale":"en_US","og_type":"article","og_title":"Sustrato natural org\u00e1nico fabricado por Espafibrac","og_description":"Elaboramos sustratos buscando una alternativa ecol\u00f3gica y sostenible para el mercado del sector agr\u00edcola y ornamental. \u00a1Con\u00f3cenos!","og_url":"http:\/\/www.espafibrac.com\/sobre-nosotros\/","og_site_name":"Espafibrac","article_publisher":"https:\/\/www.facebook.com\/Espafibrac-120562091347934\/","article_modified_time":"2016-02-07T08:17:53+00:00","og_image":[{"url":"http:\/\/www.espafibrac.com\/wp-content\/uploads\/Maribel.jpg","type":"","width":"","height":""}],"twitter_card":"summary_large_image","twitter_site":"@espafibrac","twitter_misc":{"Est. reading time":"3 minutes"},"schema":{"@context":"https:\/\/schema.org","@graph":[{"@type":"WebPage","@id":"http:\/\/www.espafibrac.com\/sobre-nosotros\/","url":"http:\/\/www.espafibrac.com\/sobre-nosotros\/","name":"Sustrato natural org\u00e1nico fabricado por Espafibrac","isPartOf":{"@id":"http:\/\/www.espafibrac.com\/en\/#website"},"primaryImageOfPage":{"@id":"http:\/\/www.espafibrac.com\/sobre-nosotros\/#primaryimage"},"image":{"@id":"http:\/\/www.espafibrac.com\/sobre-nosotros\/#primaryimage"},"thumbnailUrl":"http:\/\/www.espafibrac.com\/wp-content\/uploads\/Maribel.jpg","datePublished":"2015-04-17T10:57:18+00:00","dateModified":"2016-02-07T08:17:53+00:00","description":"Elaboramos sustratos buscando una alternativa ecol\u00f3gica y sostenible para el mercado del sector agr\u00edcola y ornamental. \u00a1Con\u00f3cenos!","breadcrumb":{"@id":"http:\/\/www.espafibrac.com\/sobre-nosotros\/#breadcrumb"},"inLanguage":"en-US","potentialAction":[{"@type":"ReadAction","target":["http:\/\/www.espafibrac.com\/sobre-nosotros\/"]}]},{"@type":"ImageObject","inLanguage":"en-US","@id":"http:\/\/www.espafibrac.com\/sobre-nosotros\/#primaryimage","url":"http:\/\/www.espafibrac.com\/wp-content\/uploads\/Maribel.jpg","contentUrl":"http:\/\/www.espafibrac.com\/wp-content\/uploads\/Maribel.jpg"},{"@type":"BreadcrumbList","@id":"http:\/\/www.espafibrac.com\/sobre-nosotros\/#breadcrumb","itemListElement":[{"@type":"ListItem","position":1,"name":"Inicio","item":"http:\/\/www.espafibrac.com\/en\/"},{"@type":"ListItem","position":2,"name":"Sobre nosotros"}]},{"@type":"WebSite","@id":"http:\/\/www.espafibrac.com\/en\/#website","url":"http:\/\/www.espafibrac.com\/en\/","name":"Espafibrac","description":"Sustratos de fibra de coco","potentialAction":[{"@type":"SearchAction","target":{"@type":"EntryPoint","urlTemplate":"http:\/\/www.espafibrac.com\/en\/?s={search_term_string}"},"query-input":{"@type":"PropertyValueSpecification","valueRequired":true,"valueName":"search_term_string"}}],"inLanguage":"en-US"}]}},"_links":{"self":[{"href":"http:\/\/www.espafibrac.com\/en\/wp-json\/wp\/v2\/pages\/775","targetHints":{"allow":["GET"]}}],"collection":[{"href":"http:\/\/www.espafibrac.com\/en\/wp-json\/wp\/v2\/pages"}],"about":[{"href":"http:\/\/www.espafibrac.com\/en\/wp-json\/wp\/v2\/types\/page"}],"author":[{"embeddable":true,"href":"http:\/\/www.espafibrac.com\/en\/wp-json\/wp\/v2\/users\/3"}],"replies":[{"embeddable":true,"href":"http:\/\/www.espafibrac.com\/en\/wp-json\/wp\/v2\/comments?post=775"}],"version-history":[{"count":49,"href":"http:\/\/www.espafibrac.com\/en\/wp-json\/wp\/v2\/pages\/775\/revisions"}],"predecessor-version":[{"id":1063,"href":"http:\/\/www.espafibrac.com\/en\/wp-json\/wp\/v2\/pages\/775\/revisions\/1063"}],"wp:attachment":[{"href":"http:\/\/www.espafibrac.com\/en\/wp-json\/wp\/v2\/media?parent=775"}],"curies":[{"name":"wp","href":"https:\/\/api.w.org\/{rel}","templated":true}]}}